{"id":962,"date":"2019-01-23T06:31:31","date_gmt":"2019-01-23T06:31:31","guid":{"rendered":"http:\/\/islensk.is\/about-us\/"},"modified":"2021-09-03T10:46:28","modified_gmt":"2021-09-03T10:46:28","slug":"about-us","status":"publish","type":"page","link":"https:\/\/islensk.is\/en\/about-us\/","title":{"rendered":"About Us"},"content":{"rendered":"<div data-elementor-type=\"wp-post\" data-elementor-id=\"962\" class=\"elementor elementor-962\">\n\t\t\t\t\t\t<div class=\"elementor-inner\">\n\t\t\t\t<div class=\"elementor-section-wrap\">\n\t\t\t\t\t\t\t\t\t<section class=\"elementor-section elementor-top-section elementor-element elementor-element-2cd009c elementor-section-height-min-height elementor-section-content-middle elementor-section-boxed elementor-section-height-default elementor-section-items-middle\" data-id=\"2cd009c\" data-element_type=\"section\" data-settings=\"{&quot;background_background&quot;:&quot;slideshow&quot;,&quot;background_slideshow_gallery&quot;:[{&quot;id&quot;:3405,&quot;url&quot;:&quot;https:\\\/\\\/islensk.is\\\/wp-content\\\/uploads\\\/2021\\\/09\\\/Image-5.jpg&quot;}],&quot;background_slideshow_slide_duration&quot;:10000,&quot;background_slideshow_transition_duration&quot;:1000,&quot;background_slideshow_loop&quot;:&quot;yes&quot;,&quot;background_slideshow_slide_transition&quot;:&quot;fade&quot;}\">\n\t\t\t\t\t\t\t<div class=\"elementor-background-overlay\"><\/div>\n\t\t\t\t\t\t\t<div class=\"elementor-container elementor-column-gap-default\">\n\t\t\t\t\t\t\t<div class=\"elementor-row\">\n\t\t\t\t\t<div class=\"elementor-column elementor-col-100 elementor-top-column elementor-element elementor-element-eaf9918\" data-id=\"eaf9918\" data-element_type=\"column\">\n\t\t\t<div class=\"elementor-column-wrap\">\n\t\t\t\t\t\t\t<div class=\"elementor-widget-wrap\">\n\t\t\t\t\t\t\t\t<\/div>\n\t\t\t\t\t<\/div>\n\t\t<\/div>\n\t\t\t\t\t\t\t\t<\/div>\n\t\t\t\t\t<\/div>\n\t\t<\/section>\n\t\t\t\t<section class=\"elementor-section elementor-top-section elementor-element elementor-element-d23281c elementor-section-content-middle elementor-section-boxed elementor-section-height-default elementor-section-height-default\" data-id=\"d23281c\" data-element_type=\"section\" data-settings=\"{&quot;background_background&quot;:&quot;classic&quot;}\">\n\t\t\t\t\t\t<div class=\"elementor-container elementor-column-gap-no\">\n\t\t\t\t\t\t\t<div class=\"elementor-row\">\n\t\t\t\t\t<div class=\"elementor-column elementor-col-100 elementor-top-column elementor-element elementor-element-45df255a\" data-id=\"45df255a\" data-element_type=\"column\">\n\t\t\t<div class=\"elementor-column-wrap elementor-element-populated\">\n\t\t\t\t\t\t\t<div class=\"elementor-widget-wrap\">\n\t\t\t\t\t\t<div class=\"elementor-element elementor-element-fe85400 elementor-widget elementor-widget-text-editor\" data-id=\"fe85400\" data-element_type=\"widget\" data-widget_type=\"text-editor.default\">\n\t\t\t\t<div class=\"elementor-widget-container\">\n\t\t\t\t\t\t\t\t<div class=\"elementor-text-editor elementor-clearfix\">\n\t\t\t\t<p><span style=\"font-weight: 400;\">Islensk brings you high quality Icelandic and Scandinavian products for your home and horse. Celebrating our culture trough design making our tagline \"From national heritage to design\" our main focus in our deigns.\u00a0<\/span><span style=\"color: var( --e-global-color-text ); font-family: var( --e-global-typography-text-font-family ), Sans-serif; font-size: 1rem; background-color: var( --e-global-color-primary );\">You can shop or browse trough our wide collection of products straight for our website\u00a0<\/span><a href=\"https:\/\/islensk.is\/en\/product-category\/vorulinur\/\" target=\"_blank\" rel=\"noopener\">islensk.is<\/a>,<span style=\"color: var( --e-global-color-text ); font-family: var( --e-global-typography-text-font-family ), Sans-serif; font-size: 1rem; background-color: var( --e-global-color-primary );\">\u00a0 visit one of our retailers worldwide or say hello to us in person at our charming small shop Pakkh\u00fasi\u00f0 in Iceland at Strandgata 43 in Akureyri.<\/span><\/p><p><span style=\"color: var( --e-global-color-text ); font-family: var( --e-global-typography-text-font-family ), Sans-serif; font-size: 1rem; background-color: var( --e-global-color-primary );\">\u00a0<\/span><\/p><p><span style=\"font-weight: 400;\">Islensk is run by the talented Hugr\u00fan \u00cdvarsd\u00f3ttir.<\/span><\/p><p><span style=\"font-weight: 400;\">Hugr\u00fan has a exhibition and display design degree from Dupont Danmarks dekoratorfagskole. She has years of experience in the field as-well as in product design.<\/span><span style=\"font-family: inherit; white-space: pre-wrap; color: var( --e-global-color-text ); font-size: 1rem; background-color: var( --e-global-color-primary );\"> From a young age, Hugr\u00fan has been interested in horses. This can be seen in the design of her products as well as a strong connection to her Icelandic heritage and history. <\/span><span style=\"font-family: inherit; white-space: pre-wrap; color: var( --e-global-color-text ); font-size: 1rem; background-color: var( --e-global-color-primary );\">She lives with her family in Akureyri, Iceland in a house that has been in her family for generations. From there she runs her business and welcomes her customers in her store which is located in a gorgeous old warehouse on the lot.<\/span><\/p><div style=\"word-wrap: break-word; margin: 0.5em 0px 0px; white-space: pre-wrap; font-family: system-ui, -apple-system, BlinkMacSystemFont,;\">\u00a0<\/div>\t\t\t\t\t<\/div>\n\t\t\t\t\t\t<\/div>\n\t\t\t\t<\/div>\n\t\t\t\t\t\t<\/div>\n\t\t\t\t\t<\/div>\n\t\t<\/div>\n\t\t\t\t\t\t\t\t<\/div>\n\t\t\t\t\t<\/div>\n\t\t<\/section>\n\t\t\t\t\t\t\t\t\t<\/div>\n\t\t\t<\/div>\n\t\t\t\t\t<\/div>","protected":false},"excerpt":{"rendered":"<p>Fyrirt\u00e6ki\u00f0 \u00cdslensk.is s\u00e9rh\u00e6fir sig \u00ed s\u00f6lu \u00e1 \u00edslenskri og skandinav\u00edskri h\u00f6nnun. Vi\u00f0 f\u00e6rum \u00fe\u00e9r vanda\u00f0ar og fallegar v\u00f6rur fyrir heimili\u00f0 \u00feitt og hestinn. Innbl\u00e1sturinn a\u00f0 h\u00f6nnun okkar er s\u00f3ttur \u00ed \u00fej\u00f3\u00f0ararf okkar og menning.\u00a0\u00de\u00fa getur n\u00e1lgast v\u00f6runar okkar h\u00e9r \u00e1 vefs\u00ed\u00f0unni\u00a0islensk.is,\u00a0 hj\u00e1 s\u00f6lua\u00f0ilum okkar vi\u00f0svegar \u00ed heiminum og \u00ed Pakkh\u00fasinu \u00ed bakgar\u00f0inu \u00e1 Strandg\u00f6tu 43 [&hellip;]<\/p>","protected":false},"author":1,"featured_media":0,"parent":0,"menu_order":0,"comment_status":"closed","ping_status":"closed","template":"","meta":{"footnotes":""},"class_list":["post-962","page","type-page","status-publish","hentry"],"_links":{"self":[{"href":"https:\/\/islensk.is\/en\/wp-json\/wp\/v2\/pages\/962","targetHints":{"allow":["GET"]}}],"collection":[{"href":"https:\/\/islensk.is\/en\/wp-json\/wp\/v2\/pages"}],"about":[{"href":"https:\/\/islensk.is\/en\/wp-json\/wp\/v2\/types\/page"}],"author":[{"embeddable":true,"href":"https:\/\/islensk.is\/en\/wp-json\/wp\/v2\/users\/1"}],"replies":[{"embeddable":true,"href":"https:\/\/islensk.is\/en\/wp-json\/wp\/v2\/comments?post=962"}],"version-history":[{"count":15,"href":"https:\/\/islensk.is\/en\/wp-json\/wp\/v2\/pages\/962\/revisions"}],"predecessor-version":[{"id":3412,"href":"https:\/\/islensk.is\/en\/wp-json\/wp\/v2\/pages\/962\/revisions\/3412"}],"wp:attachment":[{"href":"https:\/\/islensk.is\/en\/wp-json\/wp\/v2\/media?parent=962"}],"curies":[{"name":"wp","href":"https:\/\/api.w.org\/{rel}","templated":true}]}}