{"id":126,"date":"2020-05-02T03:49:56","date_gmt":"2020-05-02T03:49:56","guid":{"rendered":"http:\/\/localhost\/product\/skraut-gudbjorg-litid\/"},"modified":"2025-11-18T12:27:05","modified_gmt":"2025-11-18T12:27:05","slug":"skraut-gudbjorg","status":"publish","type":"product","link":"https:\/\/islensk.is\/en\/product\/skraut-gudbjorg\/","title":{"rendered":"Ornament - Gu\u00f0bj\u00f6rg"},"content":{"rendered":"","protected":false},"excerpt":{"rendered":"<p>This pattern is influenced by the the Icelandic national costume.<br \/>\nDesigned by The artist Gu\u00f0bj\u00f6rg Ringsted<br \/>\nTwo sizes available: 7 cm (l\u00edti\u00f0) and 16 cm (st\u00f3rt).<\/p>","protected":false},"featured_media":1327,"template":"","meta":[],"product_brand":[],"product_cat":[113,112,60,114,54,115,35],"product_tag":[],"class_list":{"0":"post-126","1":"product","2":"type-product","3":"status-publish","4":"has-post-thumbnail","6":"product_cat-haust","7":"product_cat-jol","8":"product_cat-malmur","9":"product_cat-paskar","10":"product_cat-skraut","11":"product_cat-sumar","12":"product_cat-gudbjorg","14":"first","15":"instock","16":"shipping-taxable","17":"purchasable","18":"product-type-variable","19":"has-default-attributes"},"_links":{"self":[{"href":"https:\/\/islensk.is\/en\/wp-json\/wp\/v2\/product\/126","targetHints":{"allow":["GET"]}}],"collection":[{"href":"https:\/\/islensk.is\/en\/wp-json\/wp\/v2\/product"}],"about":[{"href":"https:\/\/islensk.is\/en\/wp-json\/wp\/v2\/types\/product"}],"version-history":[{"count":3,"href":"https:\/\/islensk.is\/en\/wp-json\/wp\/v2\/product\/126\/revisions"}],"predecessor-version":[{"id":2542,"href":"https:\/\/islensk.is\/en\/wp-json\/wp\/v2\/product\/126\/revisions\/2542"}],"wp:featuredmedia":[{"embeddable":true,"href":"https:\/\/islensk.is\/en\/wp-json\/wp\/v2\/media\/1327"}],"wp:attachment":[{"href":"https:\/\/islensk.is\/en\/wp-json\/wp\/v2\/media?parent=126"}],"wp:term":[{"taxonomy":"product_brand","embeddable":true,"href":"https:\/\/islensk.is\/en\/wp-json\/wp\/v2\/product_brand?post=126"},{"taxonomy":"product_cat","embeddable":true,"href":"https:\/\/islensk.is\/en\/wp-json\/wp\/v2\/product_cat?post=126"},{"taxonomy":"product_tag","embeddable":true,"href":"https:\/\/islensk.is\/en\/wp-json\/wp\/v2\/product_tag?post=126"}],"curies":[{"name":"wp","href":"https:\/\/api.w.org\/{rel}","templated":true}]}}