{"id":1903,"date":"2020-10-21T19:50:22","date_gmt":"2020-10-21T19:50:22","guid":{"rendered":"http:\/\/islensk.is\/?post_type=product&#038;p=1903"},"modified":"2021-10-17T17:47:10","modified_gmt":"2021-10-17T17:47:10","slug":"kertahengi","status":"publish","type":"product","link":"https:\/\/islensk.is\/en\/product\/kertahengi\/","title":{"rendered":"Candle holder-hanging"},"content":{"rendered":"","protected":false},"excerpt":{"rendered":"<p>Kertastjaki hangandi<\/p>\n<p>Lengd 55 cm.<\/p>\n<p>Tveir kr\u00f3kar fylgja lengd \u00e1 kr\u00f3k 22 cm.<\/p>","protected":false},"featured_media":2353,"template":"","meta":[],"product_brand":[],"product_cat":[113,112,60,114,48,115],"product_tag":[],"class_list":{"0":"post-1903","1":"product","2":"type-product","3":"status-publish","4":"has-post-thumbnail","6":"product_cat-haust","7":"product_cat-jol","8":"product_cat-malmur","9":"product_cat-paskar","10":"product_cat-smavara","11":"product_cat-sumar","13":"first","14":"instock","15":"shipping-taxable","16":"purchasable","17":"product-type-simple"},"_links":{"self":[{"href":"https:\/\/islensk.is\/en\/wp-json\/wp\/v2\/product\/1903","targetHints":{"allow":["GET"]}}],"collection":[{"href":"https:\/\/islensk.is\/en\/wp-json\/wp\/v2\/product"}],"about":[{"href":"https:\/\/islensk.is\/en\/wp-json\/wp\/v2\/types\/product"}],"version-history":[{"count":4,"href":"https:\/\/islensk.is\/en\/wp-json\/wp\/v2\/product\/1903\/revisions"}],"predecessor-version":[{"id":3016,"href":"https:\/\/islensk.is\/en\/wp-json\/wp\/v2\/product\/1903\/revisions\/3016"}],"wp:featuredmedia":[{"embeddable":true,"href":"https:\/\/islensk.is\/en\/wp-json\/wp\/v2\/media\/2353"}],"wp:attachment":[{"href":"https:\/\/islensk.is\/en\/wp-json\/wp\/v2\/media?parent=1903"}],"wp:term":[{"taxonomy":"product_brand","embeddable":true,"href":"https:\/\/islensk.is\/en\/wp-json\/wp\/v2\/product_brand?post=1903"},{"taxonomy":"product_cat","embeddable":true,"href":"https:\/\/islensk.is\/en\/wp-json\/wp\/v2\/product_cat?post=1903"},{"taxonomy":"product_tag","embeddable":true,"href":"https:\/\/islensk.is\/en\/wp-json\/wp\/v2\/product_tag?post=1903"}],"curies":[{"name":"wp","href":"https:\/\/api.w.org\/{rel}","templated":true}]}}