{"id":207,"date":"2020-05-02T03:50:02","date_gmt":"2020-05-02T03:50:02","guid":{"rendered":"http:\/\/localhost\/product\/skraut-aegishjalmur-stor\/"},"modified":"2022-03-06T21:30:00","modified_gmt":"2022-03-06T21:30:00","slug":"skraut-aegishjalmur","status":"publish","type":"product","link":"https:\/\/islensk.is\/en\/product\/skraut-aegishjalmur\/","title":{"rendered":"Ornament - Helm of awe"},"content":{"rendered":"","protected":false},"excerpt":{"rendered":"<p>Comes with information in five languages.<\/p>\n<p>The Helm of awe ornament is available in two sizes.<\/p>\n<p>Sizes: 7 cm (l\u00edti\u00f0) and 15 cm (st\u00f3rt).<\/p>","protected":false},"featured_media":1181,"template":"","meta":[],"product_brand":[],"product_cat":[60,54,39],"product_tag":[],"class_list":{"0":"post-207","1":"product","2":"type-product","3":"status-publish","4":"has-post-thumbnail","6":"product_cat-malmur","7":"product_cat-skraut","8":"product_cat-takn","10":"first","11":"instock","12":"featured","13":"shipping-taxable","14":"purchasable","15":"product-type-variable","16":"has-default-attributes"},"_links":{"self":[{"href":"https:\/\/islensk.is\/en\/wp-json\/wp\/v2\/product\/207","targetHints":{"allow":["GET"]}}],"collection":[{"href":"https:\/\/islensk.is\/en\/wp-json\/wp\/v2\/product"}],"about":[{"href":"https:\/\/islensk.is\/en\/wp-json\/wp\/v2\/types\/product"}],"version-history":[{"count":4,"href":"https:\/\/islensk.is\/en\/wp-json\/wp\/v2\/product\/207\/revisions"}],"predecessor-version":[{"id":3050,"href":"https:\/\/islensk.is\/en\/wp-json\/wp\/v2\/product\/207\/revisions\/3050"}],"wp:featuredmedia":[{"embeddable":true,"href":"https:\/\/islensk.is\/en\/wp-json\/wp\/v2\/media\/1181"}],"wp:attachment":[{"href":"https:\/\/islensk.is\/en\/wp-json\/wp\/v2\/media?parent=207"}],"wp:term":[{"taxonomy":"product_brand","embeddable":true,"href":"https:\/\/islensk.is\/en\/wp-json\/wp\/v2\/product_brand?post=207"},{"taxonomy":"product_cat","embeddable":true,"href":"https:\/\/islensk.is\/en\/wp-json\/wp\/v2\/product_cat?post=207"},{"taxonomy":"product_tag","embeddable":true,"href":"https:\/\/islensk.is\/en\/wp-json\/wp\/v2\/product_tag?post=207"}],"curies":[{"name":"wp","href":"https:\/\/api.w.org\/{rel}","templated":true}]}}