{"id":2209,"date":"2020-10-27T16:35:36","date_gmt":"2020-10-27T16:35:36","guid":{"rendered":"http:\/\/islensk.is\/?post_type=product&#038;p=2209"},"modified":"2023-11-09T10:14:10","modified_gmt":"2023-11-09T10:14:10","slug":"kertastjaki","status":"publish","type":"product","link":"https:\/\/islensk.is\/en\/product\/kertastjaki\/","title":{"rendered":"Candlestick"},"content":{"rendered":"","protected":false},"excerpt":{"rendered":"<p>Fallegir kertastjakar \u00far sm\u00ed\u00f0aj\u00e1rni<\/p>","protected":false},"featured_media":1957,"template":"","meta":[],"product_brand":[],"product_cat":[113,112,60,47,48],"product_tag":[],"class_list":{"0":"post-2209","1":"product","2":"type-product","3":"status-publish","4":"has-post-thumbnail","6":"product_cat-haust","7":"product_cat-jol","8":"product_cat-malmur","9":"product_cat-pakkhus","10":"product_cat-smavara","12":"first","13":"instock","14":"shipping-taxable","15":"purchasable","16":"product-type-variable"},"_links":{"self":[{"href":"https:\/\/islensk.is\/en\/wp-json\/wp\/v2\/product\/2209","targetHints":{"allow":["GET"]}}],"collection":[{"href":"https:\/\/islensk.is\/en\/wp-json\/wp\/v2\/product"}],"about":[{"href":"https:\/\/islensk.is\/en\/wp-json\/wp\/v2\/types\/product"}],"version-history":[{"count":2,"href":"https:\/\/islensk.is\/en\/wp-json\/wp\/v2\/product\/2209\/revisions"}],"predecessor-version":[{"id":2327,"href":"https:\/\/islensk.is\/en\/wp-json\/wp\/v2\/product\/2209\/revisions\/2327"}],"wp:featuredmedia":[{"embeddable":true,"href":"https:\/\/islensk.is\/en\/wp-json\/wp\/v2\/media\/1957"}],"wp:attachment":[{"href":"https:\/\/islensk.is\/en\/wp-json\/wp\/v2\/media?parent=2209"}],"wp:term":[{"taxonomy":"product_brand","embeddable":true,"href":"https:\/\/islensk.is\/en\/wp-json\/wp\/v2\/product_brand?post=2209"},{"taxonomy":"product_cat","embeddable":true,"href":"https:\/\/islensk.is\/en\/wp-json\/wp\/v2\/product_cat?post=2209"},{"taxonomy":"product_tag","embeddable":true,"href":"https:\/\/islensk.is\/en\/wp-json\/wp\/v2\/product_tag?post=2209"}],"curies":[{"name":"wp","href":"https:\/\/api.w.org\/{rel}","templated":true}]}}