{"id":237,"date":"2020-05-02T03:49:53","date_gmt":"2020-05-02T03:49:53","guid":{"rendered":"http:\/\/localhost\/product\/adventustjaki\/"},"modified":"2025-10-20T20:26:57","modified_gmt":"2025-10-20T20:26:57","slug":"kertahringur","status":"publish","type":"product","link":"https:\/\/islensk.is\/en\/product\/kertahringur\/","title":{"rendered":"Kertakrans"},"content":{"rendered":"","protected":false},"excerpt":{"rendered":"<p>Kertahringur \u00e1n skrauts \u00feverm\u00e1l 28 cm<\/p>\n<p>Ath. H\u00e6gt er a\u00f0 f\u00e1 st\u00f3ru fuglana \u00ed n\u00edu litum og kan\u00ednurnar \u00ed \u00feremur litum.<br \/>\nEinnig er h\u00e6gt a\u00f0 skreyta kransinn me\u00f0 t.d. \u00e1v\u00f6xtum.<\/p>","protected":false},"featured_media":3778,"template":"","meta":[],"product_brand":[],"product_cat":[113,112,60,114,48,115,186],"product_tag":[],"class_list":{"0":"post-237","1":"product","2":"type-product","3":"status-publish","4":"has-post-thumbnail","6":"product_cat-haust","7":"product_cat-jol","8":"product_cat-malmur","9":"product_cat-paskar","10":"product_cat-smavara","11":"product_cat-sumar","12":"product_cat-sale","14":"first","15":"instock","16":"sale","17":"featured","18":"shipping-taxable","19":"purchasable","20":"product-type-variable"},"_links":{"self":[{"href":"https:\/\/islensk.is\/en\/wp-json\/wp\/v2\/product\/237","targetHints":{"allow":["GET"]}}],"collection":[{"href":"https:\/\/islensk.is\/en\/wp-json\/wp\/v2\/product"}],"about":[{"href":"https:\/\/islensk.is\/en\/wp-json\/wp\/v2\/types\/product"}],"version-history":[{"count":7,"href":"https:\/\/islensk.is\/en\/wp-json\/wp\/v2\/product\/237\/revisions"}],"predecessor-version":[{"id":3669,"href":"https:\/\/islensk.is\/en\/wp-json\/wp\/v2\/product\/237\/revisions\/3669"}],"wp:featuredmedia":[{"embeddable":true,"href":"https:\/\/islensk.is\/en\/wp-json\/wp\/v2\/media\/3778"}],"wp:attachment":[{"href":"https:\/\/islensk.is\/en\/wp-json\/wp\/v2\/media?parent=237"}],"wp:term":[{"taxonomy":"product_brand","embeddable":true,"href":"https:\/\/islensk.is\/en\/wp-json\/wp\/v2\/product_brand?post=237"},{"taxonomy":"product_cat","embeddable":true,"href":"https:\/\/islensk.is\/en\/wp-json\/wp\/v2\/product_cat?post=237"},{"taxonomy":"product_tag","embeddable":true,"href":"https:\/\/islensk.is\/en\/wp-json\/wp\/v2\/product_tag?post=237"}],"curies":[{"name":"wp","href":"https:\/\/api.w.org\/{rel}","templated":true}]}}