{"id":245,"date":"2020-05-02T03:50:02","date_gmt":"2020-05-02T03:50:02","guid":{"rendered":"http:\/\/localhost\/product\/bloma-kerta-hengi\/"},"modified":"2021-12-20T09:45:45","modified_gmt":"2021-12-20T09:45:45","slug":"bloma-kerta-hengi","status":"publish","type":"product","link":"https:\/\/islensk.is\/en\/product\/bloma-kerta-hengi\/","title":{"rendered":"Flower\/Candle hanging pot"},"content":{"rendered":"","protected":false},"excerpt":{"rendered":"<p>Upphengi fyrir bl\u00f3m e\u00f0a \u00fatikerti.<\/p>\n<p>Kemur me\u00f0 ke\u00f0ju me\u00f0 kr\u00f3k \u00e1 endanum.<\/p>\n<p>H\u00e6\u00f0 67 cm.<\/p>\n<p>Fer vel me\u00f0 v\u00f6rul\u00ednunni okkar LAUF<\/p>","protected":false},"featured_media":1394,"template":"","meta":[],"product_brand":[],"product_cat":[113,112,60,114,115],"product_tag":[],"class_list":{"0":"post-245","1":"product","2":"type-product","3":"status-publish","4":"has-post-thumbnail","6":"product_cat-haust","7":"product_cat-jol","8":"product_cat-malmur","9":"product_cat-paskar","10":"product_cat-sumar","12":"first","13":"outofstock","14":"featured","15":"shipping-taxable","16":"purchasable","17":"product-type-simple"},"_links":{"self":[{"href":"https:\/\/islensk.is\/en\/wp-json\/wp\/v2\/product\/245","targetHints":{"allow":["GET"]}}],"collection":[{"href":"https:\/\/islensk.is\/en\/wp-json\/wp\/v2\/product"}],"about":[{"href":"https:\/\/islensk.is\/en\/wp-json\/wp\/v2\/types\/product"}],"version-history":[{"count":5,"href":"https:\/\/islensk.is\/en\/wp-json\/wp\/v2\/product\/245\/revisions"}],"predecessor-version":[{"id":2374,"href":"https:\/\/islensk.is\/en\/wp-json\/wp\/v2\/product\/245\/revisions\/2374"}],"wp:featuredmedia":[{"embeddable":true,"href":"https:\/\/islensk.is\/en\/wp-json\/wp\/v2\/media\/1394"}],"wp:attachment":[{"href":"https:\/\/islensk.is\/en\/wp-json\/wp\/v2\/media?parent=245"}],"wp:term":[{"taxonomy":"product_brand","embeddable":true,"href":"https:\/\/islensk.is\/en\/wp-json\/wp\/v2\/product_brand?post=245"},{"taxonomy":"product_cat","embeddable":true,"href":"https:\/\/islensk.is\/en\/wp-json\/wp\/v2\/product_cat?post=245"},{"taxonomy":"product_tag","embeddable":true,"href":"https:\/\/islensk.is\/en\/wp-json\/wp\/v2\/product_tag?post=245"}],"curies":[{"name":"wp","href":"https:\/\/api.w.org\/{rel}","templated":true}]}}