{"id":2765,"date":"2020-12-03T22:30:15","date_gmt":"2020-12-03T22:30:15","guid":{"rendered":"http:\/\/islensk.is\/?post_type=product&#038;p=2765"},"modified":"2025-09-29T17:23:56","modified_gmt":"2025-09-29T17:23:56","slug":"handklaedi-ulappa","status":"publish","type":"product","link":"https:\/\/islensk.is\/en\/product\/handklaedi-ulappa\/","title":{"rendered":"Towel - ULAPPA"},"content":{"rendered":"","protected":false},"excerpt":{"rendered":"<p>Einstaklega mj\u00fak og \u00fe\u00e6gileg handkl\u00e6\u00f0i \u00far 100% l\u00edfr\u00e6nt r\u00e6ktu\u00f0um h\u00f6r.<br \/>\nHandkl\u00e6\u00f0in eru ofin af samstarfsa\u00f0ila okkar Lapuan Kankurit \u00ed Finnlandi en h\u00f6rinn er r\u00e6kta\u00f0ur \u00ed Normandy.<br \/>\nVaran er Oeko-Tex vottu\u00f0<\/p>","protected":false},"featured_media":2793,"template":"","meta":[],"product_brand":[],"product_cat":[71,113,63,112,179,115,64],"product_tag":[],"class_list":{"0":"post-2765","1":"product","2":"type-product","3":"status-publish","4":"has-post-thumbnail","6":"product_cat-handklaedi","7":"product_cat-haust","8":"product_cat-horefni","9":"product_cat-jol","10":"product_cat-lapuan-kankurit","11":"product_cat-sumar","12":"product_cat-umhverfisvaent","14":"first","15":"outofstock","16":"shipping-taxable","17":"purchasable","18":"product-type-variable"},"_links":{"self":[{"href":"https:\/\/islensk.is\/en\/wp-json\/wp\/v2\/product\/2765","targetHints":{"allow":["GET"]}}],"collection":[{"href":"https:\/\/islensk.is\/en\/wp-json\/wp\/v2\/product"}],"about":[{"href":"https:\/\/islensk.is\/en\/wp-json\/wp\/v2\/types\/product"}],"version-history":[{"count":3,"href":"https:\/\/islensk.is\/en\/wp-json\/wp\/v2\/product\/2765\/revisions"}],"predecessor-version":[{"id":3804,"href":"https:\/\/islensk.is\/en\/wp-json\/wp\/v2\/product\/2765\/revisions\/3804"}],"wp:featuredmedia":[{"embeddable":true,"href":"https:\/\/islensk.is\/en\/wp-json\/wp\/v2\/media\/2793"}],"wp:attachment":[{"href":"https:\/\/islensk.is\/en\/wp-json\/wp\/v2\/media?parent=2765"}],"wp:term":[{"taxonomy":"product_brand","embeddable":true,"href":"https:\/\/islensk.is\/en\/wp-json\/wp\/v2\/product_brand?post=2765"},{"taxonomy":"product_cat","embeddable":true,"href":"https:\/\/islensk.is\/en\/wp-json\/wp\/v2\/product_cat?post=2765"},{"taxonomy":"product_tag","embeddable":true,"href":"https:\/\/islensk.is\/en\/wp-json\/wp\/v2\/product_tag?post=2765"}],"curies":[{"name":"wp","href":"https:\/\/api.w.org\/{rel}","templated":true}]}}