{"id":3187,"date":"2021-03-24T21:49:54","date_gmt":"2021-03-24T21:49:54","guid":{"rendered":"http:\/\/islensk.is\/?post_type=product&#038;p=3187"},"modified":"2023-11-14T01:18:21","modified_gmt":"2023-11-14T01:18:21","slug":"kaninur","status":"publish","type":"product","link":"https:\/\/islensk.is\/en\/product\/kaninur\/","title":{"rendered":"Kan\u00ednur"},"content":{"rendered":"","protected":false},"excerpt":{"rendered":"<p>Kan\u00ednur \u00far tr\u00e9 sem passa \u00e1 sm\u00ed\u00f0aj\u00e1rnskransana<\/p>","protected":false},"featured_media":3193,"template":"","meta":[],"product_brand":[],"product_cat":[47,114,48,59],"product_tag":[],"class_list":{"0":"post-3187","1":"product","2":"type-product","3":"status-publish","4":"has-post-thumbnail","6":"product_cat-pakkhus","7":"product_cat-paskar","8":"product_cat-smavara","9":"product_cat-tre","11":"first","12":"instock","13":"shipping-taxable","14":"purchasable","15":"product-type-variable"},"_links":{"self":[{"href":"https:\/\/islensk.is\/en\/wp-json\/wp\/v2\/product\/3187","targetHints":{"allow":["GET"]}}],"collection":[{"href":"https:\/\/islensk.is\/en\/wp-json\/wp\/v2\/product"}],"about":[{"href":"https:\/\/islensk.is\/en\/wp-json\/wp\/v2\/types\/product"}],"version-history":[{"count":1,"href":"https:\/\/islensk.is\/en\/wp-json\/wp\/v2\/product\/3187\/revisions"}],"predecessor-version":[{"id":3189,"href":"https:\/\/islensk.is\/en\/wp-json\/wp\/v2\/product\/3187\/revisions\/3189"}],"wp:featuredmedia":[{"embeddable":true,"href":"https:\/\/islensk.is\/en\/wp-json\/wp\/v2\/media\/3193"}],"wp:attachment":[{"href":"https:\/\/islensk.is\/en\/wp-json\/wp\/v2\/media?parent=3187"}],"wp:term":[{"taxonomy":"product_brand","embeddable":true,"href":"https:\/\/islensk.is\/en\/wp-json\/wp\/v2\/product_brand?post=3187"},{"taxonomy":"product_cat","embeddable":true,"href":"https:\/\/islensk.is\/en\/wp-json\/wp\/v2\/product_cat?post=3187"},{"taxonomy":"product_tag","embeddable":true,"href":"https:\/\/islensk.is\/en\/wp-json\/wp\/v2\/product_tag?post=3187"}],"curies":[{"name":"wp","href":"https:\/\/api.w.org\/{rel}","templated":true}]}}