{"id":3810,"date":"2021-12-19T22:06:21","date_gmt":"2021-12-19T22:06:21","guid":{"rendered":"http:\/\/islensk.is\/?post_type=product&#038;p=3810"},"modified":"2023-10-30T19:02:55","modified_gmt":"2023-10-30T19:02:55","slug":"gaseldstaedi-2","status":"publish","type":"product","link":"https:\/\/islensk.is\/en\/product\/gaseldstaedi-2\/","title":{"rendered":"Gaseldst\u00e6\u00f0i-2"},"content":{"rendered":"<p>Innifali\u00f0 eldst\u00e6\u00f0i, gasslanga, steinar, vi\u00f0arkubbar og yfirbrei\u00f0sla.<\/p>\n<p>ATH. Flutningur grei\u00f0ist af vi\u00f0takand.<\/p>\n<p>Aukab\u00fana\u00f0ur svo sem gler og hli\u00f0arbor\u00f0 er selt s\u00e9r.<\/p>","protected":false},"excerpt":{"rendered":"<p>Innifali\u00f0 eldst\u00e6\u00f0i, gasslanga, steinar, vi\u00f0arkubbar og yfirbrei\u00f0sla. ATH. Flutningur grei\u00f0ist af vi\u00f0takand. Aukab\u00fana\u00f0ur svo sem gler og hli\u00f0arbor\u00f0 er selt s\u00e9r.<\/p>","protected":false},"featured_media":3799,"template":"","meta":[],"product_brand":[],"product_cat":[178],"product_tag":[],"class_list":{"0":"post-3810","1":"product","2":"type-product","3":"status-publish","4":"has-post-thumbnail","6":"product_cat-gas","8":"first","9":"outofstock","10":"shipping-taxable","11":"purchasable","12":"product-type-simple"},"_links":{"self":[{"href":"https:\/\/islensk.is\/en\/wp-json\/wp\/v2\/product\/3810","targetHints":{"allow":["GET"]}}],"collection":[{"href":"https:\/\/islensk.is\/en\/wp-json\/wp\/v2\/product"}],"about":[{"href":"https:\/\/islensk.is\/en\/wp-json\/wp\/v2\/types\/product"}],"version-history":[{"count":1,"href":"https:\/\/islensk.is\/en\/wp-json\/wp\/v2\/product\/3810\/revisions"}],"predecessor-version":[{"id":3811,"href":"https:\/\/islensk.is\/en\/wp-json\/wp\/v2\/product\/3810\/revisions\/3811"}],"wp:featuredmedia":[{"embeddable":true,"href":"https:\/\/islensk.is\/en\/wp-json\/wp\/v2\/media\/3799"}],"wp:attachment":[{"href":"https:\/\/islensk.is\/en\/wp-json\/wp\/v2\/media?parent=3810"}],"wp:term":[{"taxonomy":"product_brand","embeddable":true,"href":"https:\/\/islensk.is\/en\/wp-json\/wp\/v2\/product_brand?post=3810"},{"taxonomy":"product_cat","embeddable":true,"href":"https:\/\/islensk.is\/en\/wp-json\/wp\/v2\/product_cat?post=3810"},{"taxonomy":"product_tag","embeddable":true,"href":"https:\/\/islensk.is\/en\/wp-json\/wp\/v2\/product_tag?post=3810"}],"curies":[{"name":"wp","href":"https:\/\/api.w.org\/{rel}","templated":true}]}}