{"id":3959,"date":"2022-04-12T19:05:26","date_gmt":"2022-04-12T19:05:26","guid":{"rendered":"https:\/\/islensk.is\/?post_type=product&#038;p=3959"},"modified":"2025-06-28T08:51:56","modified_gmt":"2025-06-28T08:51:56","slug":"halsmen-hestur","status":"publish","type":"product","link":"https:\/\/islensk.is\/en\/product\/halsmen-hestur\/","title":{"rendered":"Ornament-Horse"},"content":{"rendered":"","protected":false},"excerpt":{"rendered":"<p>H\u00e1lsmen me\u00f0 le\u00f0ur \u00f3l<\/p>","protected":false},"featured_media":3950,"template":"","meta":[],"product_brand":[],"product_cat":[60,48,33],"product_tag":[],"class_list":{"0":"post-3959","1":"product","2":"type-product","3":"status-publish","4":"has-post-thumbnail","6":"product_cat-malmur","7":"product_cat-smavara","8":"product_cat-hestur","10":"first","11":"instock","12":"shipping-taxable","13":"purchasable","14":"product-type-variable"},"_links":{"self":[{"href":"https:\/\/islensk.is\/en\/wp-json\/wp\/v2\/product\/3959","targetHints":{"allow":["GET"]}}],"collection":[{"href":"https:\/\/islensk.is\/en\/wp-json\/wp\/v2\/product"}],"about":[{"href":"https:\/\/islensk.is\/en\/wp-json\/wp\/v2\/types\/product"}],"version-history":[{"count":1,"href":"https:\/\/islensk.is\/en\/wp-json\/wp\/v2\/product\/3959\/revisions"}],"predecessor-version":[{"id":3962,"href":"https:\/\/islensk.is\/en\/wp-json\/wp\/v2\/product\/3959\/revisions\/3962"}],"wp:featuredmedia":[{"embeddable":true,"href":"https:\/\/islensk.is\/en\/wp-json\/wp\/v2\/media\/3950"}],"wp:attachment":[{"href":"https:\/\/islensk.is\/en\/wp-json\/wp\/v2\/media?parent=3959"}],"wp:term":[{"taxonomy":"product_brand","embeddable":true,"href":"https:\/\/islensk.is\/en\/wp-json\/wp\/v2\/product_brand?post=3959"},{"taxonomy":"product_cat","embeddable":true,"href":"https:\/\/islensk.is\/en\/wp-json\/wp\/v2\/product_cat?post=3959"},{"taxonomy":"product_tag","embeddable":true,"href":"https:\/\/islensk.is\/en\/wp-json\/wp\/v2\/product_tag?post=3959"}],"curies":[{"name":"wp","href":"https:\/\/api.w.org\/{rel}","templated":true}]}}