{"id":4020,"date":"2022-06-24T13:36:13","date_gmt":"2022-06-24T13:36:13","guid":{"rendered":"https:\/\/islensk.is\/?post_type=product&#038;p=4020"},"modified":"2025-06-28T08:48:43","modified_gmt":"2025-06-28T08:48:43","slug":"fa-hufa-joklar","status":"publish","type":"product","link":"https:\/\/islensk.is\/en\/product\/fa-hufa-joklar\/","title":{"rendered":"FA-HUFA-j\u00f6klar"},"content":{"rendered":"","protected":false},"excerpt":{"rendered":"<p>B\u00f3mullarh\u00fafa me\u00f0 endurskinsprenti J\u00f6klamynstur<\/p>","protected":false},"featured_media":4012,"template":"","meta":[],"product_brand":[],"product_cat":[62,47,48,186],"product_tag":[],"class_list":{"0":"post-4020","1":"product","2":"type-product","3":"status-publish","4":"has-post-thumbnail","6":"product_cat-bomull","7":"product_cat-pakkhus","8":"product_cat-smavara","9":"product_cat-sale","11":"first","12":"instock","13":"shipping-taxable","14":"purchasable","15":"product-type-simple"},"_links":{"self":[{"href":"https:\/\/islensk.is\/en\/wp-json\/wp\/v2\/product\/4020","targetHints":{"allow":["GET"]}}],"collection":[{"href":"https:\/\/islensk.is\/en\/wp-json\/wp\/v2\/product"}],"about":[{"href":"https:\/\/islensk.is\/en\/wp-json\/wp\/v2\/types\/product"}],"version-history":[{"count":1,"href":"https:\/\/islensk.is\/en\/wp-json\/wp\/v2\/product\/4020\/revisions"}],"predecessor-version":[{"id":4021,"href":"https:\/\/islensk.is\/en\/wp-json\/wp\/v2\/product\/4020\/revisions\/4021"}],"wp:featuredmedia":[{"embeddable":true,"href":"https:\/\/islensk.is\/en\/wp-json\/wp\/v2\/media\/4012"}],"wp:attachment":[{"href":"https:\/\/islensk.is\/en\/wp-json\/wp\/v2\/media?parent=4020"}],"wp:term":[{"taxonomy":"product_brand","embeddable":true,"href":"https:\/\/islensk.is\/en\/wp-json\/wp\/v2\/product_brand?post=4020"},{"taxonomy":"product_cat","embeddable":true,"href":"https:\/\/islensk.is\/en\/wp-json\/wp\/v2\/product_cat?post=4020"},{"taxonomy":"product_tag","embeddable":true,"href":"https:\/\/islensk.is\/en\/wp-json\/wp\/v2\/product_tag?post=4020"}],"curies":[{"name":"wp","href":"https:\/\/api.w.org\/{rel}","templated":true}]}}