{"id":4073,"date":"2022-08-10T14:17:55","date_gmt":"2022-08-10T14:17:55","guid":{"rendered":"https:\/\/islensk.is\/?post_type=product&#038;p=4073"},"modified":"2023-10-02T21:04:30","modified_gmt":"2023-10-02T21:04:30","slug":"flaska-thermo-aegishjalmur","status":"publish","type":"product","link":"https:\/\/islensk.is\/en\/product\/flaska-thermo-aegishjalmur\/","title":{"rendered":"Flaska-Thermo-\u00c6gishj\u00e1lmur"},"content":{"rendered":"","protected":false},"excerpt":{"rendered":"<p>Flaskan er \u00far tv\u00f6f\u00f6ldu\u00a0ry\u00f0fr\u00edu st\u00e1li tappinn er me\u00f0 vi\u00f0artopp sem gefur fl\u00f6skunni fallegt \u00fatlit. Vi\u00f0 h\u00f6nnunina voru \u00fe\u00e6gindi og st\u00edlhreint \u00fatlit haft a\u00f0 lei\u00f0arlj\u00f3si. Flaskan tekur 750 ml og heldur k\u00f6ldu \u00ed 24 klst. og heitu \u00ed 12 klst.<\/p>","protected":false},"featured_media":3914,"template":"","meta":[],"product_brand":[],"product_cat":[185,60,47,48,64,15,39],"product_tag":[],"class_list":{"0":"post-4073","1":"product","2":"type-product","3":"status-publish","4":"has-post-thumbnail","6":"product_cat-floskur-bollar","7":"product_cat-malmur","8":"product_cat-pakkhus","9":"product_cat-smavara","10":"product_cat-umhverfisvaent","11":"product_cat-uncategorized","12":"product_cat-takn","14":"first","15":"instock","16":"shipping-taxable","17":"purchasable","18":"product-type-simple"},"_links":{"self":[{"href":"https:\/\/islensk.is\/en\/wp-json\/wp\/v2\/product\/4073","targetHints":{"allow":["GET"]}}],"collection":[{"href":"https:\/\/islensk.is\/en\/wp-json\/wp\/v2\/product"}],"about":[{"href":"https:\/\/islensk.is\/en\/wp-json\/wp\/v2\/types\/product"}],"version-history":[{"count":1,"href":"https:\/\/islensk.is\/en\/wp-json\/wp\/v2\/product\/4073\/revisions"}],"predecessor-version":[{"id":4074,"href":"https:\/\/islensk.is\/en\/wp-json\/wp\/v2\/product\/4073\/revisions\/4074"}],"wp:featuredmedia":[{"embeddable":true,"href":"https:\/\/islensk.is\/en\/wp-json\/wp\/v2\/media\/3914"}],"wp:attachment":[{"href":"https:\/\/islensk.is\/en\/wp-json\/wp\/v2\/media?parent=4073"}],"wp:term":[{"taxonomy":"product_brand","embeddable":true,"href":"https:\/\/islensk.is\/en\/wp-json\/wp\/v2\/product_brand?post=4073"},{"taxonomy":"product_cat","embeddable":true,"href":"https:\/\/islensk.is\/en\/wp-json\/wp\/v2\/product_cat?post=4073"},{"taxonomy":"product_tag","embeddable":true,"href":"https:\/\/islensk.is\/en\/wp-json\/wp\/v2\/product_tag?post=4073"}],"curies":[{"name":"wp","href":"https:\/\/api.w.org\/{rel}","templated":true}]}}