{"id":4132,"date":"2022-10-27T12:37:09","date_gmt":"2022-10-27T12:37:09","guid":{"rendered":"https:\/\/islensk.is\/?post_type=product&#038;p=4132"},"modified":"2023-10-30T18:28:47","modified_gmt":"2023-10-30T18:28:47","slug":"bolli-hestur-240-ml","status":"publish","type":"product","link":"https:\/\/islensk.is\/en\/product\/bolli-hestur-240-ml\/","title":{"rendered":"Bolli-Hestur-240 ml"},"content":{"rendered":"","protected":false},"excerpt":{"rendered":"<p>Bollinn er \u00far tv\u00f6f\u00f6ldu ry\u00f0fr\u00edu st\u00e1li og me\u00f0 loki.<\/p>\n<p>Vi\u00f0 h\u00f6nnunina voru \u00fe\u00e6gindi og st\u00edlhreint \u00fatlit haft a\u00f0 lei\u00f0arlj\u00f3si. Bollinn tekur 240 ml,\u00a0 heldur heitu og k\u00f6ldu og hitnar ekki \u00ed gegn.<\/p>","protected":false},"featured_media":4313,"template":"","meta":[],"product_brand":[],"product_cat":[185,60,47,48,33],"product_tag":[],"class_list":{"0":"post-4132","1":"product","2":"type-product","3":"status-publish","4":"has-post-thumbnail","6":"product_cat-floskur-bollar","7":"product_cat-malmur","8":"product_cat-pakkhus","9":"product_cat-smavara","10":"product_cat-hestur","12":"first","13":"instock","14":"shipping-taxable","15":"purchasable","16":"product-type-simple"},"_links":{"self":[{"href":"https:\/\/islensk.is\/en\/wp-json\/wp\/v2\/product\/4132","targetHints":{"allow":["GET"]}}],"collection":[{"href":"https:\/\/islensk.is\/en\/wp-json\/wp\/v2\/product"}],"about":[{"href":"https:\/\/islensk.is\/en\/wp-json\/wp\/v2\/types\/product"}],"version-history":[{"count":2,"href":"https:\/\/islensk.is\/en\/wp-json\/wp\/v2\/product\/4132\/revisions"}],"predecessor-version":[{"id":4321,"href":"https:\/\/islensk.is\/en\/wp-json\/wp\/v2\/product\/4132\/revisions\/4321"}],"wp:featuredmedia":[{"embeddable":true,"href":"https:\/\/islensk.is\/en\/wp-json\/wp\/v2\/media\/4313"}],"wp:attachment":[{"href":"https:\/\/islensk.is\/en\/wp-json\/wp\/v2\/media?parent=4132"}],"wp:term":[{"taxonomy":"product_brand","embeddable":true,"href":"https:\/\/islensk.is\/en\/wp-json\/wp\/v2\/product_brand?post=4132"},{"taxonomy":"product_cat","embeddable":true,"href":"https:\/\/islensk.is\/en\/wp-json\/wp\/v2\/product_cat?post=4132"},{"taxonomy":"product_tag","embeddable":true,"href":"https:\/\/islensk.is\/en\/wp-json\/wp\/v2\/product_tag?post=4132"}],"curies":[{"name":"wp","href":"https:\/\/api.w.org\/{rel}","templated":true}]}}