{"id":4647,"date":"2024-11-29T13:20:09","date_gmt":"2024-11-29T13:20:09","guid":{"rendered":"https:\/\/islensk.is\/?post_type=product&#038;p=4647"},"modified":"2025-10-06T21:51:15","modified_gmt":"2025-10-06T21:51:15","slug":"silkislaeda-blom-lifsins","status":"publish","type":"product","link":"https:\/\/islensk.is\/en\/product\/silkislaeda-blom-lifsins\/","title":{"rendered":"Silk scarf-Flower of life"},"content":{"rendered":"","protected":false},"excerpt":{"rendered":"<p>A scarf made from 100% silk. Wonderfully soft and warm.<\/p>\n<p>St\u00e6r\u00f0 53&#215;53 cm. \u00a0Munstri\u00f0 er prenta\u00f0 \u00f6\u00f0ru megin \u00e1 efni\u00f0.<\/p>\n<p>Includes information about the pattern in both Icelandic and English.<\/p>\n<p>Comes in an elegant gift box.<\/p>","protected":false},"featured_media":4643,"template":"","meta":[],"product_brand":[],"product_cat":[188,191,48,40],"product_tag":[],"class_list":{"0":"post-4647","1":"product","2":"type-product","3":"status-publish","4":"has-post-thumbnail","6":"product_cat-klutur-slaeda","7":"product_cat-silki","8":"product_cat-smavara","9":"product_cat-blom-lifsins","11":"first","12":"instock","13":"shipping-taxable","14":"purchasable","15":"product-type-variable"},"_links":{"self":[{"href":"https:\/\/islensk.is\/en\/wp-json\/wp\/v2\/product\/4647","targetHints":{"allow":["GET"]}}],"collection":[{"href":"https:\/\/islensk.is\/en\/wp-json\/wp\/v2\/product"}],"about":[{"href":"https:\/\/islensk.is\/en\/wp-json\/wp\/v2\/types\/product"}],"version-history":[{"count":8,"href":"https:\/\/islensk.is\/en\/wp-json\/wp\/v2\/product\/4647\/revisions"}],"predecessor-version":[{"id":4685,"href":"https:\/\/islensk.is\/en\/wp-json\/wp\/v2\/product\/4647\/revisions\/4685"}],"wp:featuredmedia":[{"embeddable":true,"href":"https:\/\/islensk.is\/en\/wp-json\/wp\/v2\/media\/4643"}],"wp:attachment":[{"href":"https:\/\/islensk.is\/en\/wp-json\/wp\/v2\/media?parent=4647"}],"wp:term":[{"taxonomy":"product_brand","embeddable":true,"href":"https:\/\/islensk.is\/en\/wp-json\/wp\/v2\/product_brand?post=4647"},{"taxonomy":"product_cat","embeddable":true,"href":"https:\/\/islensk.is\/en\/wp-json\/wp\/v2\/product_cat?post=4647"},{"taxonomy":"product_tag","embeddable":true,"href":"https:\/\/islensk.is\/en\/wp-json\/wp\/v2\/product_tag?post=4647"}],"curies":[{"name":"wp","href":"https:\/\/api.w.org\/{rel}","templated":true}]}}