{"id":4740,"date":"2025-04-04T09:08:03","date_gmt":"2025-04-04T09:08:03","guid":{"rendered":"https:\/\/islensk.is\/?post_type=product&#038;p=4740"},"modified":"2025-09-02T12:01:35","modified_gmt":"2025-09-02T12:01:35","slug":"smahlutabox-blom-lifsins","status":"publish","type":"product","link":"https:\/\/islensk.is\/en\/product\/smahlutabox-blom-lifsins\/","title":{"rendered":"Sm\u00e1hlutabox Bl\u00f3m l\u00edfsins"},"content":{"rendered":"<p>Sm\u00e1hlutabox fyrir prj\u00f3namerki og \u00fdmislegt sm\u00e1legt.<\/p>\n<p>St\u00e6r\u00f0 6 x 9 cm.<\/p>","protected":false},"excerpt":{"rendered":"<p>Sm\u00e1hlutabox fyrir prj\u00f3namerki og \u00fdmislegt sm\u00e1legt. St\u00e6r\u00f0 6 x 9 cm.<\/p>","protected":false},"featured_media":4850,"template":"","meta":[],"product_brand":[],"product_cat":[168,60,193,194,48,195,40],"product_tag":[],"class_list":{"0":"post-4740","1":"product","2":"type-product","3":"status-publish","4":"has-post-thumbnail","6":"product_cat-annad","7":"product_cat-malmur","8":"product_cat-prjon","9":"product_cat-prjonavorur","10":"product_cat-smavara","11":"product_cat-utsaumur","12":"product_cat-blom-lifsins","14":"first","15":"instock","16":"shipping-taxable","17":"purchasable","18":"product-type-simple"},"_links":{"self":[{"href":"https:\/\/islensk.is\/en\/wp-json\/wp\/v2\/product\/4740","targetHints":{"allow":["GET"]}}],"collection":[{"href":"https:\/\/islensk.is\/en\/wp-json\/wp\/v2\/product"}],"about":[{"href":"https:\/\/islensk.is\/en\/wp-json\/wp\/v2\/types\/product"}],"version-history":[{"count":1,"href":"https:\/\/islensk.is\/en\/wp-json\/wp\/v2\/product\/4740\/revisions"}],"predecessor-version":[{"id":4741,"href":"https:\/\/islensk.is\/en\/wp-json\/wp\/v2\/product\/4740\/revisions\/4741"}],"wp:featuredmedia":[{"embeddable":true,"href":"https:\/\/islensk.is\/en\/wp-json\/wp\/v2\/media\/4850"}],"wp:attachment":[{"href":"https:\/\/islensk.is\/en\/wp-json\/wp\/v2\/media?parent=4740"}],"wp:term":[{"taxonomy":"product_brand","embeddable":true,"href":"https:\/\/islensk.is\/en\/wp-json\/wp\/v2\/product_brand?post=4740"},{"taxonomy":"product_cat","embeddable":true,"href":"https:\/\/islensk.is\/en\/wp-json\/wp\/v2\/product_cat?post=4740"},{"taxonomy":"product_tag","embeddable":true,"href":"https:\/\/islensk.is\/en\/wp-json\/wp\/v2\/product_tag?post=4740"}],"curies":[{"name":"wp","href":"https:\/\/api.w.org\/{rel}","templated":true}]}}