{"id":4748,"date":"2025-04-07T10:04:03","date_gmt":"2025-04-07T10:04:03","guid":{"rendered":"https:\/\/islensk.is\/?post_type=product&#038;p=4748"},"modified":"2026-04-13T09:22:46","modified_gmt":"2026-04-13T09:22:46","slug":"prjonamerki-blom-lifsins","status":"publish","type":"product","link":"https:\/\/islensk.is\/en\/product\/prjonamerki-blom-lifsins\/","title":{"rendered":"Prj\u00f3namerki Bl\u00f3m l\u00edfsins"},"content":{"rendered":"","protected":false},"excerpt":{"rendered":"<p>Prj\u00f3namerki \u00ferj\u00fa saman \u00e1 spjaldi.<\/p>","protected":false},"featured_media":4855,"template":"","meta":[],"product_brand":[],"product_cat":[168,193,194,48,40],"product_tag":[],"class_list":{"0":"post-4748","1":"product","2":"type-product","3":"status-publish","4":"has-post-thumbnail","6":"product_cat-annad","7":"product_cat-prjon","8":"product_cat-prjonavorur","9":"product_cat-smavara","10":"product_cat-blom-lifsins","12":"first","13":"instock","14":"shipping-taxable","15":"purchasable","16":"product-type-simple"},"_links":{"self":[{"href":"https:\/\/islensk.is\/en\/wp-json\/wp\/v2\/product\/4748","targetHints":{"allow":["GET"]}}],"collection":[{"href":"https:\/\/islensk.is\/en\/wp-json\/wp\/v2\/product"}],"about":[{"href":"https:\/\/islensk.is\/en\/wp-json\/wp\/v2\/types\/product"}],"version-history":[{"count":1,"href":"https:\/\/islensk.is\/en\/wp-json\/wp\/v2\/product\/4748\/revisions"}],"predecessor-version":[{"id":4749,"href":"https:\/\/islensk.is\/en\/wp-json\/wp\/v2\/product\/4748\/revisions\/4749"}],"wp:featuredmedia":[{"embeddable":true,"href":"https:\/\/islensk.is\/en\/wp-json\/wp\/v2\/media\/4855"}],"wp:attachment":[{"href":"https:\/\/islensk.is\/en\/wp-json\/wp\/v2\/media?parent=4748"}],"wp:term":[{"taxonomy":"product_brand","embeddable":true,"href":"https:\/\/islensk.is\/en\/wp-json\/wp\/v2\/product_brand?post=4748"},{"taxonomy":"product_cat","embeddable":true,"href":"https:\/\/islensk.is\/en\/wp-json\/wp\/v2\/product_cat?post=4748"},{"taxonomy":"product_tag","embeddable":true,"href":"https:\/\/islensk.is\/en\/wp-json\/wp\/v2\/product_tag?post=4748"}],"curies":[{"name":"wp","href":"https:\/\/api.w.org\/{rel}","templated":true}]}}