{"id":4788,"date":"2025-06-30T09:50:45","date_gmt":"2025-06-30T09:50:45","guid":{"rendered":"https:\/\/islensk.is\/?post_type=product&#038;p=4788"},"modified":"2025-11-05T14:33:50","modified_gmt":"2025-11-05T14:33:50","slug":"blom-lifsins-gjafaaskja","status":"publish","type":"product","link":"https:\/\/islensk.is\/en\/product\/blom-lifsins-gjafaaskja\/","title":{"rendered":"Bl\u00f3m l\u00edfsins gjafaaskja"},"content":{"rendered":"<p>Gjafaaskja me\u00f0 prj\u00f3nafylgihlutum.<\/p>\n<p>Inniheldur sm\u00e1hlutabox, prj\u00f3nam\u00e6li, prj\u00f3namerki og m\u00e1lband.<\/p>","protected":false},"excerpt":{"rendered":"<p>Gjafaaskja me\u00f0 prj\u00f3nafylgihlutum.<\/p>\n<p>Inniheldur sm\u00e1hlutabox, prj\u00f3nam\u00e6li, prj\u00f3namerki og m\u00e1lband.<\/p>","protected":false},"featured_media":4781,"template":"","meta":[],"product_brand":[],"product_cat":[168,193,194,48,40],"product_tag":[],"class_list":{"0":"post-4788","1":"product","2":"type-product","3":"status-publish","4":"has-post-thumbnail","6":"product_cat-annad","7":"product_cat-prjon","8":"product_cat-prjonavorur","9":"product_cat-smavara","10":"product_cat-blom-lifsins","12":"first","13":"instock","14":"shipping-taxable","15":"purchasable","16":"product-type-simple"},"_links":{"self":[{"href":"https:\/\/islensk.is\/en\/wp-json\/wp\/v2\/product\/4788","targetHints":{"allow":["GET"]}}],"collection":[{"href":"https:\/\/islensk.is\/en\/wp-json\/wp\/v2\/product"}],"about":[{"href":"https:\/\/islensk.is\/en\/wp-json\/wp\/v2\/types\/product"}],"version-history":[{"count":2,"href":"https:\/\/islensk.is\/en\/wp-json\/wp\/v2\/product\/4788\/revisions"}],"predecessor-version":[{"id":4895,"href":"https:\/\/islensk.is\/en\/wp-json\/wp\/v2\/product\/4788\/revisions\/4895"}],"wp:featuredmedia":[{"embeddable":true,"href":"https:\/\/islensk.is\/en\/wp-json\/wp\/v2\/media\/4781"}],"wp:attachment":[{"href":"https:\/\/islensk.is\/en\/wp-json\/wp\/v2\/media?parent=4788"}],"wp:term":[{"taxonomy":"product_brand","embeddable":true,"href":"https:\/\/islensk.is\/en\/wp-json\/wp\/v2\/product_brand?post=4788"},{"taxonomy":"product_cat","embeddable":true,"href":"https:\/\/islensk.is\/en\/wp-json\/wp\/v2\/product_cat?post=4788"},{"taxonomy":"product_tag","embeddable":true,"href":"https:\/\/islensk.is\/en\/wp-json\/wp\/v2\/product_tag?post=4788"}],"curies":[{"name":"wp","href":"https:\/\/api.w.org\/{rel}","templated":true}]}}