{"id":4862,"date":"2025-09-02T13:01:53","date_gmt":"2025-09-02T13:01:53","guid":{"rendered":"https:\/\/islensk.is\/?post_type=product&#038;p=4862"},"modified":"2025-09-02T13:04:10","modified_gmt":"2025-09-02T13:04:10","slug":"endurskinsmerki","status":"publish","type":"product","link":"https:\/\/islensk.is\/en\/product\/endurskinsmerki\/","title":{"rendered":"Endurskinsmerki"},"content":{"rendered":"<p>Endurskinsmerki me\u00f0 bl\u00f3mi l\u00edfsins.<\/p>\n<p>Fallegur fylgihlutur sem skreytir og eykur \u00f6ryggi.<\/p>","protected":false},"excerpt":{"rendered":"<p>Endurskinsmerki me\u00f0 bl\u00f3mi l\u00edfsins. Fallegur fylgihlutur sem skreytir og eykur \u00f6ryggi.<\/p>","protected":false},"featured_media":4846,"template":"","meta":[],"product_brand":[],"product_cat":[196,113,48,40],"product_tag":[],"class_list":{"0":"post-4862","1":"product","2":"type-product","3":"status-publish","4":"has-post-thumbnail","6":"product_cat-annad-voruflokkar","7":"product_cat-haust","8":"product_cat-smavara","9":"product_cat-blom-lifsins","11":"first","12":"instock","13":"shipping-taxable","14":"purchasable","15":"product-type-simple"},"_links":{"self":[{"href":"https:\/\/islensk.is\/en\/wp-json\/wp\/v2\/product\/4862","targetHints":{"allow":["GET"]}}],"collection":[{"href":"https:\/\/islensk.is\/en\/wp-json\/wp\/v2\/product"}],"about":[{"href":"https:\/\/islensk.is\/en\/wp-json\/wp\/v2\/types\/product"}],"version-history":[{"count":1,"href":"https:\/\/islensk.is\/en\/wp-json\/wp\/v2\/product\/4862\/revisions"}],"predecessor-version":[{"id":4863,"href":"https:\/\/islensk.is\/en\/wp-json\/wp\/v2\/product\/4862\/revisions\/4863"}],"wp:featuredmedia":[{"embeddable":true,"href":"https:\/\/islensk.is\/en\/wp-json\/wp\/v2\/media\/4846"}],"wp:attachment":[{"href":"https:\/\/islensk.is\/en\/wp-json\/wp\/v2\/media?parent=4862"}],"wp:term":[{"taxonomy":"product_brand","embeddable":true,"href":"https:\/\/islensk.is\/en\/wp-json\/wp\/v2\/product_brand?post=4862"},{"taxonomy":"product_cat","embeddable":true,"href":"https:\/\/islensk.is\/en\/wp-json\/wp\/v2\/product_cat?post=4862"},{"taxonomy":"product_tag","embeddable":true,"href":"https:\/\/islensk.is\/en\/wp-json\/wp\/v2\/product_tag?post=4862"}],"curies":[{"name":"wp","href":"https:\/\/api.w.org\/{rel}","templated":true}]}}