{"id":4871,"date":"2025-09-02T15:02:38","date_gmt":"2025-09-02T15:02:38","guid":{"rendered":"https:\/\/islensk.is\/?post_type=product&#038;p=4871"},"modified":"2025-09-02T15:05:38","modified_gmt":"2025-09-02T15:05:38","slug":"nalasegull","status":"publish","type":"product","link":"https:\/\/islensk.is\/en\/product\/nalasegull\/","title":{"rendered":"N\u00e1lasegull"},"content":{"rendered":"<p>Fyrir \u00fatsaum<\/p>\n<p>Segull sem a\u00f0 h\u00e6gt er a\u00f0 festa \u00e1 efni og heldur \u00fatsaumsn\u00e1linni<\/p>","protected":false},"excerpt":{"rendered":"<p>Fyrir \u00fatsaum Segull sem a\u00f0 h\u00e6gt er a\u00f0 festa \u00e1 efni og heldur \u00fatsaumsn\u00e1linni<\/p>","protected":false},"featured_media":4873,"template":"","meta":[],"product_brand":[],"product_cat":[168,48,195,40],"product_tag":[],"class_list":{"0":"post-4871","1":"product","2":"type-product","3":"status-publish","4":"has-post-thumbnail","6":"product_cat-annad","7":"product_cat-smavara","8":"product_cat-utsaumur","9":"product_cat-blom-lifsins","11":"first","12":"instock","13":"shipping-taxable","14":"purchasable","15":"product-type-simple"},"_links":{"self":[{"href":"https:\/\/islensk.is\/en\/wp-json\/wp\/v2\/product\/4871","targetHints":{"allow":["GET"]}}],"collection":[{"href":"https:\/\/islensk.is\/en\/wp-json\/wp\/v2\/product"}],"about":[{"href":"https:\/\/islensk.is\/en\/wp-json\/wp\/v2\/types\/product"}],"version-history":[{"count":1,"href":"https:\/\/islensk.is\/en\/wp-json\/wp\/v2\/product\/4871\/revisions"}],"predecessor-version":[{"id":4876,"href":"https:\/\/islensk.is\/en\/wp-json\/wp\/v2\/product\/4871\/revisions\/4876"}],"wp:featuredmedia":[{"embeddable":true,"href":"https:\/\/islensk.is\/en\/wp-json\/wp\/v2\/media\/4873"}],"wp:attachment":[{"href":"https:\/\/islensk.is\/en\/wp-json\/wp\/v2\/media?parent=4871"}],"wp:term":[{"taxonomy":"product_brand","embeddable":true,"href":"https:\/\/islensk.is\/en\/wp-json\/wp\/v2\/product_brand?post=4871"},{"taxonomy":"product_cat","embeddable":true,"href":"https:\/\/islensk.is\/en\/wp-json\/wp\/v2\/product_cat?post=4871"},{"taxonomy":"product_tag","embeddable":true,"href":"https:\/\/islensk.is\/en\/wp-json\/wp\/v2\/product_tag?post=4871"}],"curies":[{"name":"wp","href":"https:\/\/api.w.org\/{rel}","templated":true}]}}