{"id":4947,"date":"2025-11-27T17:55:59","date_gmt":"2025-11-27T17:55:59","guid":{"rendered":"https:\/\/islensk.is\/?post_type=product&#038;p=4947"},"modified":"2025-11-27T18:06:32","modified_gmt":"2025-11-27T18:06:32","slug":"hofudledur-thor","status":"publish","type":"product","link":"https:\/\/islensk.is\/en\/product\/hofudledur-thor\/","title":{"rendered":"H\u00f6fu\u00f0le\u00f0ur \u00de\u00f3r"},"content":{"rendered":"<p><strong data-start=\"39\" data-end=\"77\">\u00de\u00f3rshamar \u2013 t\u00e1kn verndar og styrks<\/strong><br data-start=\"77\" data-end=\"80\" \/>\u00de\u00f3rshamarinn, Mj\u00f6lnir, var hi\u00f0 kraftmikla vopn go\u00f0sins \u00de\u00f3rs og er \u00ed dag t\u00e1kn norr\u00e6nnar arfleif\u00f0ar, verndar og styrks. \u00deetta h\u00f6fu\u00f0le\u00f0ur ber me\u00f0 s\u00e9r forna s\u00f6gu og kraftinn sem fylgir hinu go\u00f0sagnakennda hamri.<\/p>","protected":false},"excerpt":{"rendered":"<p>\u00de\u00f3rshamar \u2013 t\u00e1kn verndar og styrks\u00de\u00f3rshamarinn, Mj\u00f6lnir, var hi\u00f0 kraftmikla vopn go\u00f0sins \u00de\u00f3rs og er \u00ed dag t\u00e1kn norr\u00e6nnar arfleif\u00f0ar, verndar og styrks. \u00deetta h\u00f6fu\u00f0le\u00f0ur ber me\u00f0 s\u00e9r forna s\u00f6gu og kraftinn sem fylgir hinu go\u00f0sagnakennda hamri.<\/p>","protected":false},"featured_media":4944,"template":"","meta":[],"product_brand":[],"product_cat":[45,105,46,15,33],"product_tag":[],"class_list":{"0":"post-4947","1":"product","2":"type-product","3":"status-publish","4":"has-post-thumbnail","6":"product_cat-ennislauf","7":"product_cat-ledur","8":"product_cat-reidtygi","9":"product_cat-uncategorized","10":"product_cat-hestur","12":"first","13":"instock","14":"shipping-taxable","15":"purchasable","16":"product-type-variable"},"_links":{"self":[{"href":"https:\/\/islensk.is\/en\/wp-json\/wp\/v2\/product\/4947","targetHints":{"allow":["GET"]}}],"collection":[{"href":"https:\/\/islensk.is\/en\/wp-json\/wp\/v2\/product"}],"about":[{"href":"https:\/\/islensk.is\/en\/wp-json\/wp\/v2\/types\/product"}],"version-history":[{"count":2,"href":"https:\/\/islensk.is\/en\/wp-json\/wp\/v2\/product\/4947\/revisions"}],"predecessor-version":[{"id":4951,"href":"https:\/\/islensk.is\/en\/wp-json\/wp\/v2\/product\/4947\/revisions\/4951"}],"wp:featuredmedia":[{"embeddable":true,"href":"https:\/\/islensk.is\/en\/wp-json\/wp\/v2\/media\/4944"}],"wp:attachment":[{"href":"https:\/\/islensk.is\/en\/wp-json\/wp\/v2\/media?parent=4947"}],"wp:term":[{"taxonomy":"product_brand","embeddable":true,"href":"https:\/\/islensk.is\/en\/wp-json\/wp\/v2\/product_brand?post=4947"},{"taxonomy":"product_cat","embeddable":true,"href":"https:\/\/islensk.is\/en\/wp-json\/wp\/v2\/product_cat?post=4947"},{"taxonomy":"product_tag","embeddable":true,"href":"https:\/\/islensk.is\/en\/wp-json\/wp\/v2\/product_tag?post=4947"}],"curies":[{"name":"wp","href":"https:\/\/api.w.org\/{rel}","templated":true}]}}