{"id":5001,"date":"2026-02-02T08:55:19","date_gmt":"2026-02-02T08:55:19","guid":{"rendered":"https:\/\/islensk.is\/?post_type=product&#038;p=5001"},"modified":"2026-02-02T09:06:10","modified_gmt":"2026-02-02T09:06:10","slug":"ski-blom-a6","status":"publish","type":"product","link":"https:\/\/islensk.is\/en\/product\/ski-blom-a6\/","title":{"rendered":"Skissub\u00f3k A6"},"content":{"rendered":"","protected":false},"excerpt":{"rendered":"<p>Falleg skissub\u00f3k me\u00f0 mynstrinu Bl\u00f3m l\u00edfsins.<\/p>\n<p>St\u00e6r\u00f0 A6<\/p>","protected":false},"featured_media":4999,"template":"","meta":[],"product_brand":[],"product_cat":[196,168,194,15,40],"product_tag":[],"class_list":{"0":"post-5001","1":"product","2":"type-product","3":"status-publish","4":"has-post-thumbnail","6":"product_cat-annad-voruflokkar","7":"product_cat-annad","8":"product_cat-prjonavorur","9":"product_cat-uncategorized","10":"product_cat-blom-lifsins","12":"first","13":"instock","14":"shipping-taxable","15":"purchasable","16":"product-type-simple"},"_links":{"self":[{"href":"https:\/\/islensk.is\/en\/wp-json\/wp\/v2\/product\/5001","targetHints":{"allow":["GET"]}}],"collection":[{"href":"https:\/\/islensk.is\/en\/wp-json\/wp\/v2\/product"}],"about":[{"href":"https:\/\/islensk.is\/en\/wp-json\/wp\/v2\/types\/product"}],"version-history":[{"count":3,"href":"https:\/\/islensk.is\/en\/wp-json\/wp\/v2\/product\/5001\/revisions"}],"predecessor-version":[{"id":5004,"href":"https:\/\/islensk.is\/en\/wp-json\/wp\/v2\/product\/5001\/revisions\/5004"}],"wp:featuredmedia":[{"embeddable":true,"href":"https:\/\/islensk.is\/en\/wp-json\/wp\/v2\/media\/4999"}],"wp:attachment":[{"href":"https:\/\/islensk.is\/en\/wp-json\/wp\/v2\/media?parent=5001"}],"wp:term":[{"taxonomy":"product_brand","embeddable":true,"href":"https:\/\/islensk.is\/en\/wp-json\/wp\/v2\/product_brand?post=5001"},{"taxonomy":"product_cat","embeddable":true,"href":"https:\/\/islensk.is\/en\/wp-json\/wp\/v2\/product_cat?post=5001"},{"taxonomy":"product_tag","embeddable":true,"href":"https:\/\/islensk.is\/en\/wp-json\/wp\/v2\/product_tag?post=5001"}],"curies":[{"name":"wp","href":"https:\/\/api.w.org\/{rel}","templated":true}]}}