{"id":80,"date":"2020-05-02T03:49:55","date_gmt":"2020-05-02T03:49:55","guid":{"rendered":"http:\/\/localhost\/product\/blom-lifsins-borddregill-35x120-cm-grar\/"},"modified":"2022-11-11T13:34:40","modified_gmt":"2022-11-11T13:34:40","slug":"blom-lifsins-borddregill-35x120-cm","status":"publish","type":"product","link":"https:\/\/islensk.is\/en\/product\/blom-lifsins-borddregill-35x120-cm\/","title":{"rendered":"Tabel runner - Flower of life"},"content":{"rendered":"","protected":false},"excerpt":{"rendered":"<p>G\u00e6\u00f0avara ofin \u00ed Finnlandi\u00a0 50% h\u00f6r og 50% b\u00f3mull.<br \/>\nSt\u00e6r\u00f0ir: 35 x 120 cm.<br \/>\nThe pattern is woven into the fabric.<\/p>","protected":false},"featured_media":1244,"template":"","meta":[],"product_brand":[],"product_cat":[62,69,63,112,40],"product_tag":[],"class_list":{"0":"post-80","1":"product","2":"type-product","3":"status-publish","4":"has-post-thumbnail","6":"product_cat-bomull","7":"product_cat-dukar","8":"product_cat-horefni","9":"product_cat-jol","10":"product_cat-blom-lifsins","12":"first","13":"instock","14":"shipping-taxable","15":"purchasable","16":"product-type-variable"},"_links":{"self":[{"href":"https:\/\/islensk.is\/en\/wp-json\/wp\/v2\/product\/80","targetHints":{"allow":["GET"]}}],"collection":[{"href":"https:\/\/islensk.is\/en\/wp-json\/wp\/v2\/product"}],"about":[{"href":"https:\/\/islensk.is\/en\/wp-json\/wp\/v2\/types\/product"}],"version-history":[{"count":3,"href":"https:\/\/islensk.is\/en\/wp-json\/wp\/v2\/product\/80\/revisions"}],"predecessor-version":[{"id":3456,"href":"https:\/\/islensk.is\/en\/wp-json\/wp\/v2\/product\/80\/revisions\/3456"}],"wp:featuredmedia":[{"embeddable":true,"href":"https:\/\/islensk.is\/en\/wp-json\/wp\/v2\/media\/1244"}],"wp:attachment":[{"href":"https:\/\/islensk.is\/en\/wp-json\/wp\/v2\/media?parent=80"}],"wp:term":[{"taxonomy":"product_brand","embeddable":true,"href":"https:\/\/islensk.is\/en\/wp-json\/wp\/v2\/product_brand?post=80"},{"taxonomy":"product_cat","embeddable":true,"href":"https:\/\/islensk.is\/en\/wp-json\/wp\/v2\/product_cat?post=80"},{"taxonomy":"product_tag","embeddable":true,"href":"https:\/\/islensk.is\/en\/wp-json\/wp\/v2\/product_tag?post=80"}],"curies":[{"name":"wp","href":"https:\/\/api.w.org\/{rel}","templated":true}]}}